{"id":29,"date":"2018-01-14T10:01:02","date_gmt":"2018-01-14T09:01:02","guid":{"rendered":"http:\/\/www.valeryvillena.at\/?page_id=29"},"modified":"2019-01-07T09:42:24","modified_gmt":"2019-01-07T08:42:24","slug":"sobre-mi","status":"publish","type":"page","link":"https:\/\/www.valeryvillena.at\/es\/sobre-mi\/","title":{"rendered":"Sobre mi"},"content":{"rendered":"<p><figure id=\"attachment_25\" aria-describedby=\"caption-attachment-25\" style=\"width: 225px\" class=\"wp-caption alignleft\"><img loading=\"lazy\" decoding=\"async\" class=\"wp-image-25 size-medium\" src=\"https:\/\/www.valeryvillena.at\/wp-content\/uploads\/2018\/01\/Valery-23-225x300.jpg\" alt=\"\" width=\"225\" height=\"300\" srcset=\"https:\/\/www.valeryvillena.at\/wp-content\/uploads\/2018\/01\/Valery-23-225x300.jpg 225w, https:\/\/www.valeryvillena.at\/wp-content\/uploads\/2018\/01\/Valery-23-768x1024.jpg 768w\" sizes=\"auto, (max-width: 225px) 100vw, 225px\" \/><figcaption id=\"caption-attachment-25\" class=\"wp-caption-text\">Valery Villena<\/figcaption><\/figure><\/p>\n<p><strong>Valery Villena,Per\u00fa<\/strong> (Cusco, 1971). M\u00e1ster en turismo, con estudios de hoteler\u00eda en la escuela Scholss Klesheim de Salzburgo, y de arte en la escuela\u00a0 \u201cZeichenfabrik\u201d \u00a0de Viena, es tambi\u00e9n fot\u00f3grafa y ha desarrollado su trabajo creativo desde la adolescencia. Amante del viaje, ha recorrido distintos puntos del planeta, ha vivido en Cusco, Lima, Austin, Salzburgo, Par\u00eds, Valladolid. Vive en Viena desde mediados de los 90.<\/p>","protected":false},"excerpt":{"rendered":"<p>Valery Villena,Per\u00fa (Cusco, 1971). M\u00e1ster en turismo, con estudios de hoteler\u00eda en la escuela Scholss Klesheim de Salzburgo, y de[&#8230;]<\/p>\n","protected":false},"author":5,"featured_media":0,"parent":0,"menu_order":0,"comment_status":"closed","ping_status":"closed","template":"","meta":{"footnotes":""},"class_list":["post-29","page","type-page","status-publish","hentry"],"yoast_head":"<!-- This site is optimized with the Yoast SEO plugin v24.2 - https:\/\/yoast.com\/wordpress\/plugins\/seo\/ -->\n<title>Sobre mi - Valery Villena<\/title>\n<meta name=\"robots\" content=\"index, follow, max-snippet:-1, max-image-preview:large, max-video-preview:-1\" \/>\n<link rel=\"canonical\" href=\"https:\/\/www.valeryvillena.at\/en\/sobre-mi\/\" \/>\n<meta property=\"og:locale\" content=\"es_ES\" \/>\n<meta property=\"og:type\" content=\"article\" \/>\n<meta property=\"og:title\" content=\"Sobre mi - Valery Villena\" \/>\n<meta property=\"og:description\" content=\"Valery Villena,Per\u00fa (Cusco, 1971). M\u00e1ster en turismo, con estudios de hoteler\u00eda en la escuela Scholss Klesheim de Salzburgo, y de[...]\" \/>\n<meta property=\"og:url\" content=\"https:\/\/www.valeryvillena.at\/en\/sobre-mi\/\" \/>\n<meta property=\"og:site_name\" content=\"Valery Villena\" \/>\n<meta property=\"article:modified_time\" content=\"2019-01-07T08:42:24+00:00\" \/>\n<meta property=\"og:image\" content=\"https:\/\/www.valeryvillena.at\/wp-content\/uploads\/2018\/01\/Valery-23-225x300.jpg\" \/>\n<meta name=\"twitter:card\" content=\"summary_large_image\" \/>\n<meta name=\"twitter:label1\" content=\"Tiempo de lectura\" \/>\n\t<meta name=\"twitter:data1\" content=\"1 minuto\" \/>\n<script type=\"application\/ld+json\" class=\"yoast-schema-graph\">{\"@context\":\"https:\/\/schema.org\",\"@graph\":[{\"@type\":\"WebPage\",\"@id\":\"https:\/\/www.valeryvillena.at\/en\/sobre-mi\/\",\"url\":\"https:\/\/www.valeryvillena.at\/en\/sobre-mi\/\",\"name\":\"Sobre mi - Valery Villena\",\"isPartOf\":{\"@id\":\"https:\/\/www.valeryvillena.at\/#website\"},\"primaryImageOfPage\":{\"@id\":\"https:\/\/www.valeryvillena.at\/en\/sobre-mi\/#primaryimage\"},\"image\":{\"@id\":\"https:\/\/www.valeryvillena.at\/en\/sobre-mi\/#primaryimage\"},\"thumbnailUrl\":\"https:\/\/www.valeryvillena.at\/wp-content\/uploads\/2018\/01\/Valery-23-225x300.jpg\",\"datePublished\":\"2018-01-14T09:01:02+00:00\",\"dateModified\":\"2019-01-07T08:42:24+00:00\",\"breadcrumb\":{\"@id\":\"https:\/\/www.valeryvillena.at\/en\/sobre-mi\/#breadcrumb\"},\"inLanguage\":\"es\",\"potentialAction\":[{\"@type\":\"ReadAction\",\"target\":[\"https:\/\/www.valeryvillena.at\/en\/sobre-mi\/\"]}]},{\"@type\":\"ImageObject\",\"inLanguage\":\"es\",\"@id\":\"https:\/\/www.valeryvillena.at\/en\/sobre-mi\/#primaryimage\",\"url\":\"https:\/\/www.valeryvillena.at\/wp-content\/uploads\/2018\/01\/Valery-23-225x300.jpg\",\"contentUrl\":\"https:\/\/www.valeryvillena.at\/wp-content\/uploads\/2018\/01\/Valery-23-225x300.jpg\"},{\"@type\":\"BreadcrumbList\",\"@id\":\"https:\/\/www.valeryvillena.at\/en\/sobre-mi\/#breadcrumb\",\"itemListElement\":[{\"@type\":\"ListItem\",\"position\":1,\"name\":\"Startseite\",\"item\":\"https:\/\/www.valeryvillena.at\/\"},{\"@type\":\"ListItem\",\"position\":2,\"name\":\"About me\"}]},{\"@type\":\"WebSite\",\"@id\":\"https:\/\/www.valeryvillena.at\/#website\",\"url\":\"https:\/\/www.valeryvillena.at\/\",\"name\":\"Valery Villena\",\"description\":\"\",\"potentialAction\":[{\"@type\":\"SearchAction\",\"target\":{\"@type\":\"EntryPoint\",\"urlTemplate\":\"https:\/\/www.valeryvillena.at\/?s={search_term_string}\"},\"query-input\":{\"@type\":\"PropertyValueSpecification\",\"valueRequired\":true,\"valueName\":\"search_term_string\"}}],\"inLanguage\":\"es\"}]}<\/script>\n<!-- \/ Yoast SEO plugin. -->","yoast_head_json":{"title":"Sobre mi - Valery Villena","robots":{"index":"index","follow":"follow","max-snippet":"max-snippet:-1","max-image-preview":"max-image-preview:large","max-video-preview":"max-video-preview:-1"},"canonical":"https:\/\/www.valeryvillena.at\/en\/sobre-mi\/","og_locale":"es_ES","og_type":"article","og_title":"Sobre mi - Valery Villena","og_description":"Valery Villena,Per\u00fa (Cusco, 1971). M\u00e1ster en turismo, con estudios de hoteler\u00eda en la escuela Scholss Klesheim de Salzburgo, y de[...]","og_url":"https:\/\/www.valeryvillena.at\/en\/sobre-mi\/","og_site_name":"Valery Villena","article_modified_time":"2019-01-07T08:42:24+00:00","og_image":[{"url":"https:\/\/www.valeryvillena.at\/wp-content\/uploads\/2018\/01\/Valery-23-225x300.jpg","type":"","width":"","height":""}],"twitter_card":"summary_large_image","twitter_misc":{"Tiempo de lectura":"1 minuto"},"schema":{"@context":"https:\/\/schema.org","@graph":[{"@type":"WebPage","@id":"https:\/\/www.valeryvillena.at\/en\/sobre-mi\/","url":"https:\/\/www.valeryvillena.at\/en\/sobre-mi\/","name":"Sobre mi - Valery Villena","isPartOf":{"@id":"https:\/\/www.valeryvillena.at\/#website"},"primaryImageOfPage":{"@id":"https:\/\/www.valeryvillena.at\/en\/sobre-mi\/#primaryimage"},"image":{"@id":"https:\/\/www.valeryvillena.at\/en\/sobre-mi\/#primaryimage"},"thumbnailUrl":"https:\/\/www.valeryvillena.at\/wp-content\/uploads\/2018\/01\/Valery-23-225x300.jpg","datePublished":"2018-01-14T09:01:02+00:00","dateModified":"2019-01-07T08:42:24+00:00","breadcrumb":{"@id":"https:\/\/www.valeryvillena.at\/en\/sobre-mi\/#breadcrumb"},"inLanguage":"es","potentialAction":[{"@type":"ReadAction","target":["https:\/\/www.valeryvillena.at\/en\/sobre-mi\/"]}]},{"@type":"ImageObject","inLanguage":"es","@id":"https:\/\/www.valeryvillena.at\/en\/sobre-mi\/#primaryimage","url":"https:\/\/www.valeryvillena.at\/wp-content\/uploads\/2018\/01\/Valery-23-225x300.jpg","contentUrl":"https:\/\/www.valeryvillena.at\/wp-content\/uploads\/2018\/01\/Valery-23-225x300.jpg"},{"@type":"BreadcrumbList","@id":"https:\/\/www.valeryvillena.at\/en\/sobre-mi\/#breadcrumb","itemListElement":[{"@type":"ListItem","position":1,"name":"Startseite","item":"https:\/\/www.valeryvillena.at\/"},{"@type":"ListItem","position":2,"name":"About me"}]},{"@type":"WebSite","@id":"https:\/\/www.valeryvillena.at\/#website","url":"https:\/\/www.valeryvillena.at\/","name":"Valery Villena","description":"","potentialAction":[{"@type":"SearchAction","target":{"@type":"EntryPoint","urlTemplate":"https:\/\/www.valeryvillena.at\/?s={search_term_string}"},"query-input":{"@type":"PropertyValueSpecification","valueRequired":true,"valueName":"search_term_string"}}],"inLanguage":"es"}]}},"_links":{"self":[{"href":"https:\/\/www.valeryvillena.at\/es\/wp-json\/wp\/v2\/pages\/29","targetHints":{"allow":["GET"]}}],"collection":[{"href":"https:\/\/www.valeryvillena.at\/es\/wp-json\/wp\/v2\/pages"}],"about":[{"href":"https:\/\/www.valeryvillena.at\/es\/wp-json\/wp\/v2\/types\/page"}],"author":[{"embeddable":true,"href":"https:\/\/www.valeryvillena.at\/es\/wp-json\/wp\/v2\/users\/5"}],"replies":[{"embeddable":true,"href":"https:\/\/www.valeryvillena.at\/es\/wp-json\/wp\/v2\/comments?post=29"}],"version-history":[{"count":5,"href":"https:\/\/www.valeryvillena.at\/es\/wp-json\/wp\/v2\/pages\/29\/revisions"}],"predecessor-version":[{"id":64,"href":"https:\/\/www.valeryvillena.at\/es\/wp-json\/wp\/v2\/pages\/29\/revisions\/64"}],"wp:attachment":[{"href":"https:\/\/www.valeryvillena.at\/es\/wp-json\/wp\/v2\/media?parent=29"}],"curies":[{"name":"wp","href":"https:\/\/api.w.org\/{rel}","templated":true}]}}